{"id":1440,"date":"2024-11-15T22:15:11","date_gmt":"2024-11-15T22:15:11","guid":{"rendered":"https:\/\/sak.my-style.in\/?page_id=1440"},"modified":"2024-11-29T21:39:09","modified_gmt":"2024-11-29T21:39:09","slug":"endamti","status":"publish","type":"page","link":"https:\/\/saknews.net\/ku\/?page_id=1440","title":{"rendered":"Endamt\u00ee"},"content":{"rendered":"<style id=\"wpforms-css-vars-1855\">\n\t\t\t\t#wpforms-1855 {\n\t\t\t\t\n\t\t\t}\n\t\t\t<\/style><div class=\"wpforms-container wpforms-container-full wpforms-render-modern\" id=\"wpforms-1855\"><form id=\"wpforms-form-1855\" class=\"wpforms-validate wpforms-form wpforms-ajax-form\" data-formid=\"1855\" method=\"post\" enctype=\"multipart\/form-data\" action=\"\/ku\/index.php?rest_route=%2Fwp%2Fv2%2Fpages%2F1440\" data-token=\"d18ba7d5fd7f1a39e9f6ffe16a280cda\" data-token-time=\"1777562731\"><noscript class=\"wpforms-error-noscript\">Please enable JavaScript in your browser to complete this form.<\/noscript><div id=\"wpforms-error-noscript\" style=\"display: none;\">Please enable JavaScript in your browser to complete this form.<\/div><div class=\"wpforms-field-container\"><div id=\"wpforms-1855-field_1-container\" class=\"wpforms-field wpforms-field-text\" data-field-id=\"1\"><label class=\"wpforms-field-label\" for=\"wpforms-1855-field_1\">Nav \u00fb Pa\u015fnav <span class=\"wpforms-required-label\" aria-hidden=\"true\">*<\/span><\/label><input type=\"text\" id=\"wpforms-1855-field_1\" class=\"wpforms-field-medium wpforms-field-required\" name=\"wpforms[fields][1]\" aria-errormessage=\"wpforms-1855-field_1-error\" required><\/div><div id=\"wpforms-1855-field_2-container\" class=\"wpforms-field wpforms-field-text\" data-field-id=\"2\"><label class=\"wpforms-field-label\" for=\"wpforms-1855-field_2\">Cih \u00fb  jiday\u00eekb\u00fbn <span class=\"wpforms-required-label\" aria-hidden=\"true\">*<\/span><\/label><input type=\"text\" id=\"wpforms-1855-field_2\" class=\"wpforms-field-medium wpforms-field-required\" name=\"wpforms[fields][2]\" aria-errormessage=\"wpforms-1855-field_2-error\" required><\/div><div id=\"wpforms-1855-field_4-container\" class=\"wpforms-field wpforms-field-select wpforms-field-select-style-classic\" data-field-id=\"4\"><label class=\"wpforms-field-label\" for=\"wpforms-1855-field_4\">Regez<\/label><select id=\"wpforms-1855-field_4\" class=\"wpforms-field-medium\" name=\"wpforms[fields][4]\"><option value=\"M\u00ear\"  class=\"choice-1 depth-1\"  >M\u00ear<\/option><option value=\"Jin\u00ea\"  class=\"choice-2 depth-1\"  >Jin\u00ea<\/option><option value=\"Ez naxwazim e\u015fkere bikim\"  class=\"choice-3 depth-1\"  >Ez naxwazim e\u015fkere bikim<\/option><\/select><\/div><div id=\"wpforms-1855-field_5-container\" class=\"wpforms-field wpforms-field-text\" data-field-id=\"5\"><label class=\"wpforms-field-label\" for=\"wpforms-1855-field_5\">Navn\u00ee\u015fan \u00fb c\u00eeh\u00ea r\u00fbni\u015ftin\u00ea <span class=\"wpforms-required-label\" aria-hidden=\"true\">*<\/span><\/label><input type=\"text\" id=\"wpforms-1855-field_5\" class=\"wpforms-field-medium wpforms-field-required\" name=\"wpforms[fields][5]\" aria-errormessage=\"wpforms-1855-field_5-error\" required><\/div><div id=\"wpforms-1855-field_6-container\" class=\"wpforms-field wpforms-field-text\" data-field-id=\"6\"><label class=\"wpforms-field-label\" for=\"wpforms-1855-field_6\">Hejmara Telefon\u00ea<\/label><input type=\"text\" id=\"wpforms-1855-field_6\" class=\"wpforms-field-medium\" name=\"wpforms[fields][6]\" aria-errormessage=\"wpforms-1855-field_6-error\" ><\/div><div id=\"wpforms-1855-field_7-container\" class=\"wpforms-field wpforms-field-text\" data-field-id=\"7\"><label class=\"wpforms-field-label\" for=\"wpforms-1855-field_7\">Hejmara WhatsApp<\/label><input type=\"text\" id=\"wpforms-1855-field_7\" class=\"wpforms-field-medium\" name=\"wpforms[fields][7]\" aria-errormessage=\"wpforms-1855-field_7-error\" ><\/div><div id=\"wpforms-1855-field_8-container\" class=\"wpforms-field wpforms-field-email\" data-field-id=\"8\"><label class=\"wpforms-field-label\" for=\"wpforms-1855-field_8\">Email <span class=\"wpforms-required-label\" aria-hidden=\"true\">*<\/span><\/label><input type=\"email\" id=\"wpforms-1855-field_8\" class=\"wpforms-field-medium wpforms-field-required\" name=\"wpforms[fields][8]\" spellcheck=\"false\" aria-errormessage=\"wpforms-1855-field_8-error\" required><\/div><div id=\"wpforms-1855-field_9-container\" class=\"wpforms-field wpforms-field-select wpforms-field-select-style-classic\" data-field-id=\"9\"><label class=\"wpforms-field-label\" for=\"wpforms-1855-field_9\">Eger em bi we re t\u00eakiliy\u00ea deynin, k\u00eejan dem ji we re ba\u015f e?<\/label><select id=\"wpforms-1855-field_9\" class=\"wpforms-field-medium\" name=\"wpforms[fields][9]\"><option value=\"N\u00eevro\"  class=\"choice-1 depth-1\"  >N\u00eevro<\/option><option value=\"\u00cavar\u00ee\"  class=\"choice-2 depth-1\"  >\u00cavar\u00ee<\/option><\/select><\/div>\t\t<div id=\"wpforms-1855-field_3-container\"\n\t\t\tclass=\"wpforms-field wpforms-field-text\"\n\t\t\tdata-field-type=\"text\"\n\t\t\tdata-field-id=\"3\"\n\t\t\t>\n\t\t\t<label class=\"wpforms-field-label\" for=\"wpforms-1855-field_3\" >k\u00eejan WhatsApp Nav<\/label>\n\t\t\t<input type=\"text\" id=\"wpforms-1855-field_3\" class=\"wpforms-field-medium\" name=\"wpforms[fields][3]\" >\n\t\t<\/div>\n\t\t<div id=\"wpforms-1855-field_10-container\" class=\"wpforms-field wpforms-field-radio\" data-field-id=\"10\"><fieldset><legend class=\"wpforms-field-label\">Merc <span class=\"wpforms-required-label\" aria-hidden=\"true\">*<\/span><\/legend><ul id=\"wpforms-1855-field_10\" class=\"wpforms-field-required\"><li class=\"choice-1 depth-1\"><input type=\"radio\" id=\"wpforms-1855-field_10_1\" name=\"wpforms[fields][10]\" value=\"Pi\u015ft\u00ee xwendina bernameya siyas\u00ee \u00fb peyrewa navxwe y\u00ean \u015eep\u00eala Azad\u00ee ya Kurdistan\u00ee, ez daxwaza endametiy\u00ea dikin, ku bi r\u00eaya v\u00ea partiy\u00ea karibim xizmeta doza Kurdistan\u00ea bikim \u00fb soz didim ji xeta siyas\u00ee ya partiy\u00ea dernekevim \u00fb w\u00ea xet\u00ea j\u00ee bipar\u00eazim.\" aria-errormessage=\"wpforms-1855-field_10_1-error\" aria-describedby=\"wpforms-1855-field_10-description\" required ><label class=\"wpforms-field-label-inline\" for=\"wpforms-1855-field_10_1\">Pi\u015ft\u00ee xwendina bernameya siyas\u00ee \u00fb peyrewa navxwe y\u00ean \u015eep\u00eala Azad\u00ee ya Kurdistan\u00ee, ez daxwaza endametiy\u00ea dikin, ku bi r\u00eaya v\u00ea partiy\u00ea karibim xizmeta doza Kurdistan\u00ea bikim \u00fb soz didim ji xeta siyas\u00ee ya partiy\u00ea dernekevim \u00fb w\u00ea xet\u00ea j\u00ee bipar\u00eazim.<\/label><\/li><\/ul><div id=\"wpforms-1855-field_10-description\" class=\"wpforms-field-description\">Bernameya siyas\u00ee \u00fb peyrewa navxwe y\u00ean \u015eep\u00eala Azad\u00ee ya Kurdistan\u00ee, li be\u015fa Belgeyan bin\u00eare<\/div><\/fieldset><\/div><script>\n\t\t\t\t( function() {\n\t\t\t\t\tconst style = document.createElement( 'style' );\n\t\t\t\t\tstyle.appendChild( document.createTextNode( '#wpforms-1855-field_3-container { position: absolute !important; overflow: hidden !important; display: inline !important; height: 1px !important; width: 1px !important; z-index: -1000 !important; padding: 0 !important; } #wpforms-1855-field_3-container input { visibility: hidden; } #wpforms-conversational-form-page #wpforms-1855-field_3-container label { counter-increment: none; }' ) );\n\t\t\t\t\tdocument.head.appendChild( style );\n\t\t\t\t\tdocument.currentScript?.remove();\n\t\t\t\t} )();\n\t\t\t<\/script><\/div><!-- .wpforms-field-container --><div class=\"wpforms-submit-container\" ><input type=\"hidden\" name=\"wpforms[id]\" value=\"1855\"><input type=\"hidden\" name=\"page_title\" value=\"\"><input type=\"hidden\" name=\"page_url\" value=\"https:\/\/saknews.net\/ku\/index.php?rest_route=\/wp\/v2\/pages\/1440\"><input type=\"hidden\" name=\"url_referer\" value=\"\"><button type=\"submit\" name=\"wpforms[submit]\" id=\"wpforms-submit-1855\" class=\"wpforms-submit\" data-alt-text=\"\u015eANDIN T\u00ca KIRIN...\" data-submit-text=\"\u015eANDIN\" aria-live=\"assertive\" value=\"wpforms-submit\">\u015eANDIN<\/button><img decoding=\"async\" data-src=\"https:\/\/saknews.net\/ku\/wp-content\/plugins\/wpforms-lite\/assets\/images\/submit-spin.svg\" class=\"wpforms-submit-spinner lazyload\" style=\"--smush-placeholder-width: 26px; --smush-placeholder-aspect-ratio: 26\/26;display: none;\" width=\"26\" height=\"26\" alt=\"Loading\" src=\"data:image\/svg+xml;base64,PHN2ZyB3aWR0aD0iMSIgaGVpZ2h0PSIxIiB4bWxucz0iaHR0cDovL3d3dy53My5vcmcvMjAwMC9zdmciPjwvc3ZnPg==\"><\/div><\/form><\/div>  <!-- .wpforms-container -->\n<div style=\"text-align: center; font-family: Arial, sans-serif; margin: 20px;\">\n<p style=\"font-size: 18px;\">\n        H\u00fbn dikarin bi barkirina pelek Word an PDF-\u00ea endametiy\u00ea bi\u015f\u00eenin<br \/>\n        <a href=\"https:\/\/saknews.net\/wp-content\/uploads\/2024\/11\/Daxwaza-Endametiye.docx\" download style=\"text-decoration: none; color: #0078d7;\"><br \/>\n            <span style=\"display: inline-flex; align-items: center;\"><br \/>\n                <img data-recalc-dims=\"1\" decoding=\"async\" data-src=\"https:\/\/i0.wp.com\/saknews.net\/wp-content\/uploads\/2024\/11\/icons8-microsoft-word-50.png?w=640&#038;ssl=1\" alt=\"  \u0648\u0648\u0631\u062f   \" style=\"width: 20px; height: 20px; margin-right: 5px;\" src=\"data:image\/svg+xml;base64,PHN2ZyB3aWR0aD0iMSIgaGVpZ2h0PSIxIiB4bWxucz0iaHR0cDovL3d3dy53My5vcmcvMjAwMC9zdmciPjwvc3ZnPg==\" class=\"lazyload\"><br \/>\n                <strong>Word Office<\/strong><br \/>\n        <\/a><br \/>\n        <a href=\"https:\/\/saknews.net\/wp-content\/uploads\/2024\/11\/Daxwaza-Endametiye.docx.pdf\" download style=\"text-decoration: none; color: #d93025;\"><br \/>\n            <span style=\"display: inline-flex; align-items: center;\"><br \/>\n                <img data-recalc-dims=\"1\" decoding=\"async\" data-src=\"https:\/\/i0.wp.com\/saknews.net\/wp-content\/uploads\/2024\/11\/icons8-pdf-50.png?w=640&#038;ssl=1\" alt=\"   PDF   \" style=\"width: 20px; height: 20px; margin-right: 5px;\" src=\"data:image\/svg+xml;base64,PHN2ZyB3aWR0aD0iMSIgaGVpZ2h0PSIxIiB4bWxucz0iaHR0cDovL3d3dy53My5vcmcvMjAwMC9zdmciPjwvc3ZnPg==\" class=\"lazyload\"><br \/>\n                <strong>PDF<\/strong><br \/>\n            <\/span><br \/>\n        <\/a>\n    <\/p>\n<\/div>\n","protected":false},"excerpt":{"rendered":"<p>H\u00fbn dikarin bi barkirina pelek Word an PDF-\u00ea endametiy\u00ea bi\u015f\u00eenin Word Office PDF<\/p>\n","protected":false},"author":1,"featured_media":0,"parent":0,"menu_order":0,"comment_status":"closed","ping_status":"closed","template":"","meta":{"footnotes":""},"class_list":["post-1440","page","type-page","status-publish","hentry"],"yoast_head":"<!-- This site is optimized with the Yoast SEO plugin v27.5 - https:\/\/yoast.com\/product\/yoast-seo-wordpress\/ -->\n<title>Endamt\u00ee &#8226; \u015eAK<\/title>\n<meta name=\"robots\" content=\"index, follow, max-snippet:-1, max-image-preview:large, max-video-preview:-1\" \/>\n<link rel=\"canonical\" href=\"https:\/\/saknews.net\/ku\/?page_id=1440\" \/>\n<meta property=\"og:locale\" content=\"en_US\" \/>\n<meta property=\"og:type\" content=\"article\" \/>\n<meta property=\"og:title\" content=\"Endamt\u00ee &#8226; \u015eAK\" \/>\n<meta property=\"og:description\" content=\"H\u00fbn dikarin bi barkirina pelek Word an PDF-\u00ea endametiy\u00ea bi\u015f\u00eenin Word Office PDF\" \/>\n<meta property=\"og:url\" content=\"https:\/\/saknews.net\/ku\/?page_id=1440\" \/>\n<meta property=\"og:site_name\" content=\"\u015eAK\" \/>\n<meta property=\"article:publisher\" content=\"https:\/\/www.facebook.com\/Shepel.ewropa\" \/>\n<meta property=\"article:modified_time\" content=\"2024-11-29T21:39:09+00:00\" \/>\n<meta property=\"og:image\" content=\"https:\/\/saknews.net\/wp-content\/uploads\/2024\/11\/icons8-microsoft-word-50.png\" \/>\n<meta name=\"twitter:card\" content=\"summary_large_image\" \/>\n<script type=\"application\/ld+json\" class=\"yoast-schema-graph\">{\"@context\":\"https:\\\/\\\/schema.org\",\"@graph\":[{\"@type\":\"WebPage\",\"@id\":\"https:\\\/\\\/saknews.net\\\/ku\\\/?page_id=1440\",\"url\":\"https:\\\/\\\/saknews.net\\\/ku\\\/?page_id=1440\",\"name\":\"Endamt\u00ee &#8226; \u015eAK\",\"isPartOf\":{\"@id\":\"https:\\\/\\\/saknews.net\\\/ku\\\/#website\"},\"primaryImageOfPage\":{\"@id\":\"https:\\\/\\\/saknews.net\\\/ku\\\/?page_id=1440#primaryimage\"},\"image\":{\"@id\":\"https:\\\/\\\/saknews.net\\\/ku\\\/?page_id=1440#primaryimage\"},\"thumbnailUrl\":\"https:\\\/\\\/saknews.net\\\/wp-content\\\/uploads\\\/2024\\\/11\\\/icons8-microsoft-word-50.png\",\"datePublished\":\"2024-11-15T22:15:11+00:00\",\"dateModified\":\"2024-11-29T21:39:09+00:00\",\"breadcrumb\":{\"@id\":\"https:\\\/\\\/saknews.net\\\/ku\\\/?page_id=1440#breadcrumb\"},\"inLanguage\":\"en-US\",\"potentialAction\":[{\"@type\":\"ReadAction\",\"target\":[\"https:\\\/\\\/saknews.net\\\/ku\\\/?page_id=1440\"]}]},{\"@type\":\"ImageObject\",\"inLanguage\":\"en-US\",\"@id\":\"https:\\\/\\\/saknews.net\\\/ku\\\/?page_id=1440#primaryimage\",\"url\":\"https:\\\/\\\/saknews.net\\\/wp-content\\\/uploads\\\/2024\\\/11\\\/icons8-microsoft-word-50.png\",\"contentUrl\":\"https:\\\/\\\/saknews.net\\\/wp-content\\\/uploads\\\/2024\\\/11\\\/icons8-microsoft-word-50.png\"},{\"@type\":\"BreadcrumbList\",\"@id\":\"https:\\\/\\\/saknews.net\\\/ku\\\/?page_id=1440#breadcrumb\",\"itemListElement\":[{\"@type\":\"ListItem\",\"position\":1,\"name\":\"\u0627\u0644\u0631\u0626\u064a\u0633\u064a\u0629\",\"item\":\"https:\\\/\\\/saknews.net\\\/ku\\\/\"},{\"@type\":\"ListItem\",\"position\":2,\"name\":\"Endamt\u00ee\"}]},{\"@type\":\"WebSite\",\"@id\":\"https:\\\/\\\/saknews.net\\\/ku\\\/#website\",\"url\":\"https:\\\/\\\/saknews.net\\\/ku\\\/\",\"name\":\"S\u0327epe\u0302la Azadi\u0302 ya Kurdistani\u0302\",\"description\":\"\u062a\u064a\u0627\u0631 \u0627\u0644\u062d\u0631\u064a\u0629 \u0627\u0644\u0643\u0648\u0631\u062f\u0633\u062a\u0627\u0646\u064a \u015eep\u00eala Azad\u00ee ya Kurdistan\u00ee\",\"publisher\":{\"@id\":\"https:\\\/\\\/saknews.net\\\/ku\\\/#organization\"},\"potentialAction\":[{\"@type\":\"SearchAction\",\"target\":{\"@type\":\"EntryPoint\",\"urlTemplate\":\"https:\\\/\\\/saknews.net\\\/ku\\\/?s={search_term_string}\"},\"query-input\":{\"@type\":\"PropertyValueSpecification\",\"valueRequired\":true,\"valueName\":\"search_term_string\"}}],\"inLanguage\":\"en-US\"},{\"@type\":\"Organization\",\"@id\":\"https:\\\/\\\/saknews.net\\\/ku\\\/#organization\",\"name\":\"\u015eep\u00eala Azadiy\u00ea ya Kurdistan\u00ea - \u062a\u064a\u0627\u0631 \u0627\u0644\u062d\u0631\u064a\u0629 \u0627\u0644\u0643\u0648\u0631\u062f\u0633\u062a\u0627\u0646\u064a\",\"url\":\"https:\\\/\\\/saknews.net\\\/ku\\\/\",\"logo\":{\"@type\":\"ImageObject\",\"inLanguage\":\"en-US\",\"@id\":\"https:\\\/\\\/saknews.net\\\/ku\\\/#\\\/schema\\\/logo\\\/image\\\/\",\"url\":\"https:\\\/\\\/i0.wp.com\\\/saknews.net\\\/ku\\\/wp-content\\\/uploads\\\/2024\\\/11\\\/cropped-logo-1.png?fit=512%2C512&ssl=1\",\"contentUrl\":\"https:\\\/\\\/i0.wp.com\\\/saknews.net\\\/ku\\\/wp-content\\\/uploads\\\/2024\\\/11\\\/cropped-logo-1.png?fit=512%2C512&ssl=1\",\"width\":512,\"height\":512,\"caption\":\"\u015eep\u00eala Azadiy\u00ea ya Kurdistan\u00ea - \u062a\u064a\u0627\u0631 \u0627\u0644\u062d\u0631\u064a\u0629 \u0627\u0644\u0643\u0648\u0631\u062f\u0633\u062a\u0627\u0646\u064a\"},\"image\":{\"@id\":\"https:\\\/\\\/saknews.net\\\/ku\\\/#\\\/schema\\\/logo\\\/image\\\/\"},\"sameAs\":[\"https:\\\/\\\/www.facebook.com\\\/Shepel.ewropa\"]}]}<\/script>\n<!-- \/ Yoast SEO plugin. -->","yoast_head_json":{"title":"Endamt\u00ee &#8226; \u015eAK","robots":{"index":"index","follow":"follow","max-snippet":"max-snippet:-1","max-image-preview":"max-image-preview:large","max-video-preview":"max-video-preview:-1"},"canonical":"https:\/\/saknews.net\/ku\/?page_id=1440","og_locale":"en_US","og_type":"article","og_title":"Endamt\u00ee &#8226; \u015eAK","og_description":"H\u00fbn dikarin bi barkirina pelek Word an PDF-\u00ea endametiy\u00ea bi\u015f\u00eenin Word Office PDF","og_url":"https:\/\/saknews.net\/ku\/?page_id=1440","og_site_name":"\u015eAK","article_publisher":"https:\/\/www.facebook.com\/Shepel.ewropa","article_modified_time":"2024-11-29T21:39:09+00:00","og_image":[{"url":"https:\/\/saknews.net\/wp-content\/uploads\/2024\/11\/icons8-microsoft-word-50.png","type":"","width":"","height":""}],"twitter_card":"summary_large_image","schema":{"@context":"https:\/\/schema.org","@graph":[{"@type":"WebPage","@id":"https:\/\/saknews.net\/ku\/?page_id=1440","url":"https:\/\/saknews.net\/ku\/?page_id=1440","name":"Endamt\u00ee &#8226; \u015eAK","isPartOf":{"@id":"https:\/\/saknews.net\/ku\/#website"},"primaryImageOfPage":{"@id":"https:\/\/saknews.net\/ku\/?page_id=1440#primaryimage"},"image":{"@id":"https:\/\/saknews.net\/ku\/?page_id=1440#primaryimage"},"thumbnailUrl":"https:\/\/saknews.net\/wp-content\/uploads\/2024\/11\/icons8-microsoft-word-50.png","datePublished":"2024-11-15T22:15:11+00:00","dateModified":"2024-11-29T21:39:09+00:00","breadcrumb":{"@id":"https:\/\/saknews.net\/ku\/?page_id=1440#breadcrumb"},"inLanguage":"en-US","potentialAction":[{"@type":"ReadAction","target":["https:\/\/saknews.net\/ku\/?page_id=1440"]}]},{"@type":"ImageObject","inLanguage":"en-US","@id":"https:\/\/saknews.net\/ku\/?page_id=1440#primaryimage","url":"https:\/\/saknews.net\/wp-content\/uploads\/2024\/11\/icons8-microsoft-word-50.png","contentUrl":"https:\/\/saknews.net\/wp-content\/uploads\/2024\/11\/icons8-microsoft-word-50.png"},{"@type":"BreadcrumbList","@id":"https:\/\/saknews.net\/ku\/?page_id=1440#breadcrumb","itemListElement":[{"@type":"ListItem","position":1,"name":"\u0627\u0644\u0631\u0626\u064a\u0633\u064a\u0629","item":"https:\/\/saknews.net\/ku\/"},{"@type":"ListItem","position":2,"name":"Endamt\u00ee"}]},{"@type":"WebSite","@id":"https:\/\/saknews.net\/ku\/#website","url":"https:\/\/saknews.net\/ku\/","name":"S\u0327epe\u0302la Azadi\u0302 ya Kurdistani\u0302","description":"\u062a\u064a\u0627\u0631 \u0627\u0644\u062d\u0631\u064a\u0629 \u0627\u0644\u0643\u0648\u0631\u062f\u0633\u062a\u0627\u0646\u064a \u015eep\u00eala Azad\u00ee ya Kurdistan\u00ee","publisher":{"@id":"https:\/\/saknews.net\/ku\/#organization"},"potentialAction":[{"@type":"SearchAction","target":{"@type":"EntryPoint","urlTemplate":"https:\/\/saknews.net\/ku\/?s={search_term_string}"},"query-input":{"@type":"PropertyValueSpecification","valueRequired":true,"valueName":"search_term_string"}}],"inLanguage":"en-US"},{"@type":"Organization","@id":"https:\/\/saknews.net\/ku\/#organization","name":"\u015eep\u00eala Azadiy\u00ea ya Kurdistan\u00ea - \u062a\u064a\u0627\u0631 \u0627\u0644\u062d\u0631\u064a\u0629 \u0627\u0644\u0643\u0648\u0631\u062f\u0633\u062a\u0627\u0646\u064a","url":"https:\/\/saknews.net\/ku\/","logo":{"@type":"ImageObject","inLanguage":"en-US","@id":"https:\/\/saknews.net\/ku\/#\/schema\/logo\/image\/","url":"https:\/\/i0.wp.com\/saknews.net\/ku\/wp-content\/uploads\/2024\/11\/cropped-logo-1.png?fit=512%2C512&ssl=1","contentUrl":"https:\/\/i0.wp.com\/saknews.net\/ku\/wp-content\/uploads\/2024\/11\/cropped-logo-1.png?fit=512%2C512&ssl=1","width":512,"height":512,"caption":"\u015eep\u00eala Azadiy\u00ea ya Kurdistan\u00ea - \u062a\u064a\u0627\u0631 \u0627\u0644\u062d\u0631\u064a\u0629 \u0627\u0644\u0643\u0648\u0631\u062f\u0633\u062a\u0627\u0646\u064a"},"image":{"@id":"https:\/\/saknews.net\/ku\/#\/schema\/logo\/image\/"},"sameAs":["https:\/\/www.facebook.com\/Shepel.ewropa"]}]}},"_links":{"self":[{"href":"https:\/\/saknews.net\/ku\/index.php?rest_route=\/wp\/v2\/pages\/1440","targetHints":{"allow":["GET"]}}],"collection":[{"href":"https:\/\/saknews.net\/ku\/index.php?rest_route=\/wp\/v2\/pages"}],"about":[{"href":"https:\/\/saknews.net\/ku\/index.php?rest_route=\/wp\/v2\/types\/page"}],"author":[{"embeddable":true,"href":"https:\/\/saknews.net\/ku\/index.php?rest_route=\/wp\/v2\/users\/1"}],"replies":[{"embeddable":true,"href":"https:\/\/saknews.net\/ku\/index.php?rest_route=%2Fwp%2Fv2%2Fcomments&post=1440"}],"version-history":[{"count":4,"href":"https:\/\/saknews.net\/ku\/index.php?rest_route=\/wp\/v2\/pages\/1440\/revisions"}],"predecessor-version":[{"id":1861,"href":"https:\/\/saknews.net\/ku\/index.php?rest_route=\/wp\/v2\/pages\/1440\/revisions\/1861"}],"wp:attachment":[{"href":"https:\/\/saknews.net\/ku\/index.php?rest_route=%2Fwp%2Fv2%2Fmedia&parent=1440"}],"curies":[{"name":"wp","href":"https:\/\/api.w.org\/{rel}","templated":true}]}}